{"id":1301,"date":"2021-01-25T14:26:20","date_gmt":"2021-01-25T14:26:20","guid":{"rendered":"https:\/\/shop.morami.cambiamarketing.it\/?post_type=product&#038;p=1301"},"modified":"2024-04-19T15:36:49","modified_gmt":"2024-04-19T15:36:49","slug":"renaia-conf-6-bottiglie","status":"publish","type":"product","link":"https:\/\/shop.morami.it\/fr\/product\/renaia-conf-6-bottiglie\/","title":{"rendered":"Renaia"},"content":{"rendered":"<div class=\"product-details-module__title ec-header-h6\">\n<div class=\"product-details-module__title ec-header-h6\">\n<div class=\"product-details-module__title ec-header-h6\">\n<div class=\"product-details-module__title ec-header-h6\">\n<div class=\"product-details-module__title ec-header-h6\">D\u00e9tails du produit<\/div>\n<div class=\"product-details-module__content\">\n<div id=\"productDescription\" class=\"product-details__product-description\">\n<div>\n<p><strong>Qualification:<\/strong> Umbria rouge<\/p>\n<div><strong>Reconnaissance:<\/strong> Indication g\u00e9ographique typique<\/div>\n<div><strong>Zone de production:<\/strong> Panicarola, Castiglione del Lago, P\u00e9rouse, dans la r\u00e9gion de Colli del Trasimeno.<\/div>\n<div><strong>Climat:<\/strong> vallonn\u00e9, caract\u00e9ris\u00e9 par des variations de temp\u00e9rature entre le jour et la nuit, venteux.<\/div>\n<div><strong>Propriet\u00e0:<\/strong> Morami<\/div>\n<\/div>\n<\/div>\n<\/div>\n<\/div>\n<\/div>\n<\/div>\n<\/div>","protected":false},"excerpt":{"rendered":"<div class=\"product-details-module__title ec-header-h6\">\n<div class=\"product-details-module__title ec-header-h6\">\n<div class=\"product-details-module__title ec-header-h6\">\n<div class=\"product-details-module__title ec-header-h6\">\n<div class=\"product-details-module__title ec-header-h6\">D\u00e9tails du produit<\/div>\n<div class=\"product-details-module__content\">\n<div id=\"productDescription\" class=\"product-details__product-description\">\n<div>\n<p><strong>Qualification:<\/strong> Umbria rouge<\/p>\n<div><strong>Reconnaissance:<\/strong> Indication g\u00e9ographique typique<\/div>\n<div><strong>Zone de production:<\/strong> Panicarola, Castiglione del Lago, P\u00e9rouse, dans la r\u00e9gion de Colli del Trasimeno.<\/div>\n<div><strong>Climat:<\/strong> vallonn\u00e9, caract\u00e9ris\u00e9 par des variations de temp\u00e9rature entre le jour et la nuit, venteux.<\/div>\n<div><strong>Propriet\u00e0:<\/strong> Morami<\/div>\n<\/div>\n<\/div>\n<\/div>\n<\/div>\n<\/div>\n<\/div>\n<\/div>","protected":false},"featured_media":1321,"template":"","meta":{"inline_featured_image":false},"product_cat":[15,30,32],"product_tag":[],"class_list":["post-1301","product","type-product","status-publish","has-post-thumbnail","hentry","product_cat-tutti-i-prodotti","product_cat-confezione-6-bottiglie","product_cat-in-offerta"],"_links":{"self":[{"href":"https:\/\/shop.morami.it\/fr\/wp-json\/wp\/v2\/product\/1301","targetHints":{"allow":["GET"]}}],"collection":[{"href":"https:\/\/shop.morami.it\/fr\/wp-json\/wp\/v2\/product"}],"about":[{"href":"https:\/\/shop.morami.it\/fr\/wp-json\/wp\/v2\/types\/product"}],"version-history":[{"count":2,"href":"https:\/\/shop.morami.it\/fr\/wp-json\/wp\/v2\/product\/1301\/revisions"}],"predecessor-version":[{"id":1465,"href":"https:\/\/shop.morami.it\/fr\/wp-json\/wp\/v2\/product\/1301\/revisions\/1465"}],"wp:featuredmedia":[{"embeddable":true,"href":"https:\/\/shop.morami.it\/fr\/wp-json\/wp\/v2\/media\/1321"}],"wp:attachment":[{"href":"https:\/\/shop.morami.it\/fr\/wp-json\/wp\/v2\/media?parent=1301"}],"wp:term":[{"taxonomy":"product_cat","embeddable":true,"href":"https:\/\/shop.morami.it\/fr\/wp-json\/wp\/v2\/product_cat?post=1301"},{"taxonomy":"product_tag","embeddable":true,"href":"https:\/\/shop.morami.it\/fr\/wp-json\/wp\/v2\/product_tag?post=1301"}],"curies":[{"name":"wp","href":"https:\/\/api.w.org\/{rel}","templated":true}]}}