{"id":1298,"date":"2021-01-25T14:23:41","date_gmt":"2021-01-25T14:23:41","guid":{"rendered":"https:\/\/shop.morami.cambiamarketing.it\/?post_type=product&#038;p=1298"},"modified":"2024-04-19T15:40:15","modified_gmt":"2024-04-19T15:40:15","slug":"cardissa-conf-6-bottiglie","status":"publish","type":"product","link":"https:\/\/shop.morami.it\/fr\/product\/cardissa-conf-6-bottiglie\/","title":{"rendered":"Cardissa"},"content":{"rendered":"<div class=\"product-details-module__title ec-header-h6\">D\u00e9tails du produit<\/div>\n<div class=\"product-details-module__content\">\n<div id=\"productDescription\" class=\"product-details__product-description\">\n<div>\n<div><strong>Qualification:<\/strong>\u00a0Bianco Umbria<\/div>\n<div><strong>Reconnaissance:<\/strong>\u00a0Indication g\u00e9ographique typique<\/div>\n<div><strong>Zone de production:<\/strong>\u00a0Panicarola, Castiglione del Lago, Perugia, in territorio Colli del<\/div>\n<div>Trasimeno.<\/div>\n<div><strong>Climat:<\/strong>\u00a0vallonn\u00e9, caract\u00e9ris\u00e9 par des variations de temp\u00e9rature entre le jour et la nuit, venteux.<\/div>\n<p><strong>Propriet\u00e0:<\/strong>\u00a0Morami<\/p>\n<\/div>\n<\/div>\n<\/div>","protected":false},"excerpt":{"rendered":"<div class=\"product-details-module__title ec-header-h6\">D\u00e9tails du produit<\/div>\n<div class=\"product-details-module__content\">\n<div id=\"productDescription\" class=\"product-details__product-description\">\n<div>\n<div><strong>Qualification:<\/strong>\u00a0Bianco Umbria<\/div>\n<div><strong>Reconnaissance:<\/strong>\u00a0Indication g\u00e9ographique typique<\/div>\n<div><strong>Zone de production:<\/strong>\u00a0Panicarola, Castiglione del Lago, Perugia, in territorio Colli del<\/div>\n<div>Trasimeno.<\/div>\n<div><strong>Climat:<\/strong>\u00a0vallonn\u00e9, caract\u00e9ris\u00e9 par des variations de temp\u00e9rature entre le jour et la nuit, venteux.<\/div>\n<p><strong>Propriet\u00e0:<\/strong>\u00a0Morami<\/p>\n<\/div>\n<\/div>\n<\/div>","protected":false},"featured_media":1320,"template":"","meta":{"inline_featured_image":false},"product_cat":[15,30,32],"product_tag":[],"class_list":["post-1298","product","type-product","status-publish","has-post-thumbnail","hentry","product_cat-tutti-i-prodotti","product_cat-confezione-6-bottiglie","product_cat-in-offerta"],"_links":{"self":[{"href":"https:\/\/shop.morami.it\/fr\/wp-json\/wp\/v2\/product\/1298","targetHints":{"allow":["GET"]}}],"collection":[{"href":"https:\/\/shop.morami.it\/fr\/wp-json\/wp\/v2\/product"}],"about":[{"href":"https:\/\/shop.morami.it\/fr\/wp-json\/wp\/v2\/types\/product"}],"version-history":[{"count":2,"href":"https:\/\/shop.morami.it\/fr\/wp-json\/wp\/v2\/product\/1298\/revisions"}],"predecessor-version":[{"id":1466,"href":"https:\/\/shop.morami.it\/fr\/wp-json\/wp\/v2\/product\/1298\/revisions\/1466"}],"wp:featuredmedia":[{"embeddable":true,"href":"https:\/\/shop.morami.it\/fr\/wp-json\/wp\/v2\/media\/1320"}],"wp:attachment":[{"href":"https:\/\/shop.morami.it\/fr\/wp-json\/wp\/v2\/media?parent=1298"}],"wp:term":[{"taxonomy":"product_cat","embeddable":true,"href":"https:\/\/shop.morami.it\/fr\/wp-json\/wp\/v2\/product_cat?post=1298"},{"taxonomy":"product_tag","embeddable":true,"href":"https:\/\/shop.morami.it\/fr\/wp-json\/wp\/v2\/product_tag?post=1298"}],"curies":[{"name":"wp","href":"https:\/\/api.w.org\/{rel}","templated":true}]}}