{"id":1271,"date":"2021-01-25T13:52:39","date_gmt":"2021-01-25T13:52:39","guid":{"rendered":"https:\/\/shop.morami.cambiamarketing.it\/?post_type=product&#038;p=1271"},"modified":"2024-04-19T15:38:42","modified_gmt":"2024-04-19T15:38:42","slug":"pratolungo","status":"publish","type":"product","link":"https:\/\/shop.morami.it\/fr\/product\/pratolungo\/","title":{"rendered":"Pratolungo"},"content":{"rendered":"<div class=\"product-details-module__title ec-header-h6\">\n<div class=\"product-details-module__title ec-header-h6\">\n<div class=\"product-details-module__title ec-header-h6\">D\u00e9tails du produit<\/div>\n<div class=\"product-details-module__content\">\n<div id=\"productDescription\" class=\"product-details__product-description\">\n<div>\n<p><strong>Qualification:<\/strong>\u00a0Bianco Umbria<\/p>\n<p><strong>Reconnaissance:<\/strong>\u00a0Indication g\u00e9ographique typique<\/p>\n<p><strong>Zone de production:\u00a0<\/strong>Panicarola, Castiglione del Lago, P\u00e9rouse, dans la r\u00e9gion de Colli del Trasimeno.<\/p>\n<p><strong>Climat:<\/strong>\u00a0vallonn\u00e9, caract\u00e9ris\u00e9 par des variations de temp\u00e9rature entre le jour et la nuit, venteux.<\/p>\n<p><strong>Propriet\u00e0:<\/strong>\u00a0Morami<\/p>\n<\/div>\n<\/div>\n<\/div>\n<\/div>\n<\/div>","protected":false},"excerpt":{"rendered":"<div class=\"product-details-module__title ec-header-h6\">\n<div class=\"product-details-module__title ec-header-h6\">\n<div class=\"product-details-module__title ec-header-h6\">D\u00e9tails du produit<\/div>\n<div class=\"product-details-module__content\">\n<div id=\"productDescription\" class=\"product-details__product-description\">\n<div>\n<p><strong>Qualification:<\/strong>\u00a0Bianco Umbria<\/p>\n<p><strong>Reconnaissance:<\/strong>\u00a0Indication g\u00e9ographique typique<\/p>\n<p><strong>Zone de production:\u00a0<\/strong>Panicarola, Castiglione del Lago, P\u00e9rouse, dans la r\u00e9gion de Colli del Trasimeno.<\/p>\n<p><strong>Climat:<\/strong>\u00a0vallonn\u00e9, caract\u00e9ris\u00e9 par des variations de temp\u00e9rature entre le jour et la nuit, venteux.<\/p>\n<p><strong>Propriet\u00e0:<\/strong>\u00a0Morami<\/p>\n<\/div>\n<\/div>\n<\/div>\n<\/div>\n<\/div>","protected":false},"featured_media":1310,"template":"","meta":{"inline_featured_image":false},"product_cat":[15,21,32],"product_tag":[],"class_list":["post-1271","product","type-product","status-publish","has-post-thumbnail","hentry","product_cat-tutti-i-prodotti","product_cat-vini-bianchi","product_cat-in-offerta"],"_links":{"self":[{"href":"https:\/\/shop.morami.it\/fr\/wp-json\/wp\/v2\/product\/1271","targetHints":{"allow":["GET"]}}],"collection":[{"href":"https:\/\/shop.morami.it\/fr\/wp-json\/wp\/v2\/product"}],"about":[{"href":"https:\/\/shop.morami.it\/fr\/wp-json\/wp\/v2\/types\/product"}],"version-history":[{"count":1,"href":"https:\/\/shop.morami.it\/fr\/wp-json\/wp\/v2\/product\/1271\/revisions"}],"predecessor-version":[{"id":1274,"href":"https:\/\/shop.morami.it\/fr\/wp-json\/wp\/v2\/product\/1271\/revisions\/1274"}],"wp:featuredmedia":[{"embeddable":true,"href":"https:\/\/shop.morami.it\/fr\/wp-json\/wp\/v2\/media\/1310"}],"wp:attachment":[{"href":"https:\/\/shop.morami.it\/fr\/wp-json\/wp\/v2\/media?parent=1271"}],"wp:term":[{"taxonomy":"product_cat","embeddable":true,"href":"https:\/\/shop.morami.it\/fr\/wp-json\/wp\/v2\/product_cat?post=1271"},{"taxonomy":"product_tag","embeddable":true,"href":"https:\/\/shop.morami.it\/fr\/wp-json\/wp\/v2\/product_tag?post=1271"}],"curies":[{"name":"wp","href":"https:\/\/api.w.org\/{rel}","templated":true}]}}