{"id":1267,"date":"2021-01-25T13:46:07","date_gmt":"2021-01-25T13:46:07","guid":{"rendered":"https:\/\/shop.morami.cambiamarketing.it\/?post_type=product&#038;p=1267"},"modified":"2024-04-19T15:38:27","modified_gmt":"2024-04-19T15:38:27","slug":"seiblanc","status":"publish","type":"product","link":"https:\/\/shop.morami.it\/fr\/product\/seiblanc\/","title":{"rendered":"Seiblanc"},"content":{"rendered":"<div class=\"product-details-module__title ec-header-h6\">\n<div class=\"product-details-module__title ec-header-h6\">D\u00e9tails du produit<\/div>\n<div class=\"product-details-module__content\">\n<div id=\"productDescription\" class=\"product-details__product-description\">\n<div>\n<div><strong>Qualification: <\/strong>Sauvignon Umbria<br \/>\n<strong>Reconnaissance:<\/strong>\u00a0Indication g\u00e9ographique typique<\/div>\n<div><strong>Climat:<\/strong> vallonn\u00e9, caract\u00e9ris\u00e9 par des variations de temp\u00e9rature entre le jour et la nuit, venteux.<br \/>\n<strong>Propriet\u00e0:<\/strong> Morami<\/div>\n<h4>NOTE TECNICHE<\/h4>\n<div><strong>Zone de production:<\/strong> Panicarola, Castiglione del Lago, P\u00e9rouse, dans la r\u00e9gion de Colli del Trasimeno.<\/div>\n<\/div>\n<\/div>\n<\/div>\n<\/div>","protected":false},"excerpt":{"rendered":"<div class=\"product-details-module__title ec-header-h6\">\n<div class=\"product-details-module__title ec-header-h6\">\n<div class=\"product-details-module__title ec-header-h6\">D\u00e9tails du produit<\/div>\n<div class=\"product-details-module__content\">\n<div id=\"productDescription\" class=\"product-details__product-description\">\n<div>\n<div><strong>Qualification: <\/strong>Sauvignon Umbria<\/div>\n<div><strong>Reconnaissance:<\/strong>\u00a0Indication g\u00e9ographique typique<\/div>\n<div><strong>Climat:<\/strong> vallonn\u00e9, caract\u00e9ris\u00e9 par des variations de temp\u00e9rature entre le jour et la nuit, venteux.<br \/>\n<strong>Propriet\u00e0:<\/strong> Morami<\/div>\n<\/div>\n<\/div>\n<\/div>\n<\/div>\n<div class=\"product-details-module__content\">\n<div id=\"productDescription\" class=\"product-details__product-description\">\n<div>\n<h4>NOTE TECNICHE<\/h4>\n<div><strong>Zone de production:<\/strong> Panicarola, Castiglione del Lago, P\u00e9rouse, dans la r\u00e9gion de Colli del Trasimeno.<\/div>\n<\/div>\n<\/div>\n<\/div>\n<\/div>","protected":false},"featured_media":1866,"template":"","meta":{"inline_featured_image":false},"product_cat":[15,21],"product_tag":[],"class_list":["post-1267","product","type-product","status-publish","has-post-thumbnail","hentry","product_cat-tutti-i-prodotti","product_cat-vini-bianchi"],"_links":{"self":[{"href":"https:\/\/shop.morami.it\/fr\/wp-json\/wp\/v2\/product\/1267","targetHints":{"allow":["GET"]}}],"collection":[{"href":"https:\/\/shop.morami.it\/fr\/wp-json\/wp\/v2\/product"}],"about":[{"href":"https:\/\/shop.morami.it\/fr\/wp-json\/wp\/v2\/types\/product"}],"version-history":[{"count":5,"href":"https:\/\/shop.morami.it\/fr\/wp-json\/wp\/v2\/product\/1267\/revisions"}],"predecessor-version":[{"id":1878,"href":"https:\/\/shop.morami.it\/fr\/wp-json\/wp\/v2\/product\/1267\/revisions\/1878"}],"wp:featuredmedia":[{"embeddable":true,"href":"https:\/\/shop.morami.it\/fr\/wp-json\/wp\/v2\/media\/1866"}],"wp:attachment":[{"href":"https:\/\/shop.morami.it\/fr\/wp-json\/wp\/v2\/media?parent=1267"}],"wp:term":[{"taxonomy":"product_cat","embeddable":true,"href":"https:\/\/shop.morami.it\/fr\/wp-json\/wp\/v2\/product_cat?post=1267"},{"taxonomy":"product_tag","embeddable":true,"href":"https:\/\/shop.morami.it\/fr\/wp-json\/wp\/v2\/product_tag?post=1267"}],"curies":[{"name":"wp","href":"https:\/\/api.w.org\/{rel}","templated":true}]}}